{"id":107,"date":"2017-08-03T10:41:16","date_gmt":"2017-08-03T10:41:16","guid":{"rendered":"https:\/\/cazadores.dev\/?page_id=107"},"modified":"2020-05-20T12:36:02","modified_gmt":"2020-05-20T12:36:02","slug":"tequila-reposado","status":"publish","type":"page","link":"https:\/\/cazadores-com-gl-en.wpe-stg.bacardi.digital\/mx\/es\/our-tequila\/tequila-reposado\/","title":{"rendered":"Tequila Reposado"},"content":{"rendered":"","protected":false},"excerpt":{"rendered":"","protected":false},"author":35,"featured_media":0,"parent":17,"menu_order":0,"comment_status":"closed","ping_status":"closed","template":"","meta":{"_acf_changed":false,"footnotes":""},"class_list":["post-107","page","type-page","status-publish","hentry"],"acf":[],"yoast_head":"<!-- This site is optimized with the Yoast SEO plugin v26.0 - https:\/\/yoast.com\/wordpress\/plugins\/seo\/ -->\n<title>Cazadores Tequila Reposado | Tequila Reposado | Tequila A\u00f1ejo | Cazadores\u00ae<\/title>\n<meta name=\"description\" content=\"Nuestro Tequila Reposado pasa hasta un a\u00f1o en barricas nuevas de roble americano, creando un equilibrio perfecto entre los sabores del agave y la madera. Las notas a frutas c\u00edtricas y tropicales, as\u00ed como a vainilla y a su suave final caracter\u00edstico, hacen del tequila CAZADORES \u00ae Reposado una excelente opci\u00f3n para mezclarse en c\u00f3cteles o disfrutarse solo.\" \/>\n<meta name=\"robots\" content=\"index, follow, max-snippet:-1, max-image-preview:large, max-video-preview:-1\" \/>\n<link rel=\"canonical\" href=\"https:\/\/cazadores-com-gl-en.wpe-stg.bacardi.digital\/mx\/es\/our-tequila\/tequila-reposado\/\" \/>\n<meta property=\"og:locale\" content=\"en_US\" \/>\n<meta property=\"og:type\" content=\"article\" \/>\n<meta property=\"og:title\" content=\"Cazadores Tequila Reposado | Tequila Reposado | Tequila A\u00f1ejo | Cazadores\u00ae\" \/>\n<meta property=\"og:description\" content=\"Nuestro Tequila Reposado pasa hasta un a\u00f1o en barricas nuevas de roble americano, creando un equilibrio perfecto entre los sabores del agave y la madera. Las notas a frutas c\u00edtricas y tropicales, as\u00ed como a vainilla y a su suave final caracter\u00edstico, hacen del tequila CAZADORES \u00ae Reposado una excelente opci\u00f3n para mezclarse en c\u00f3cteles o disfrutarse solo.\" \/>\n<meta property=\"og:url\" content=\"https:\/\/cazadores-com-gl-en.wpe-stg.bacardi.digital\/mx\/es\/our-tequila\/tequila-reposado\/\" \/>\n<meta property=\"og:site_name\" content=\"Cazadores\u00ae\" \/>\n<meta property=\"article:modified_time\" content=\"2020-05-20T12:36:02+00:00\" \/>\n<meta name=\"twitter:card\" content=\"summary_large_image\" \/>\n<script type=\"application\/ld+json\" class=\"yoast-schema-graph\">{\"@context\":\"https:\/\/schema.org\",\"@graph\":[{\"@type\":\"WebPage\",\"@id\":\"https:\/\/cazadores-com-gl-en.wpe-stg.bacardi.digital\/mx\/es\/our-tequila\/tequila-reposado\/\",\"url\":\"https:\/\/cazadores-com-gl-en.wpe-stg.bacardi.digital\/mx\/es\/our-tequila\/tequila-reposado\/\",\"name\":\"Cazadores Tequila Reposado | Tequila Reposado | Tequila A\u00f1ejo | Cazadores\u00ae\",\"isPartOf\":{\"@id\":\"https:\/\/cazadores-com-gl-en.wpe-stg.bacardi.digital\/mx\/es\/#website\"},\"datePublished\":\"2017-08-03T10:41:16+00:00\",\"dateModified\":\"2020-05-20T12:36:02+00:00\",\"description\":\"Nuestro Tequila Reposado pasa hasta un a\u00f1o en barricas nuevas de roble americano, creando un equilibrio perfecto entre los sabores del agave y la madera. Las notas a frutas c\u00edtricas y tropicales, as\u00ed como a vainilla y a su suave final caracter\u00edstico, hacen del tequila CAZADORES \u00ae Reposado una excelente opci\u00f3n para mezclarse en c\u00f3cteles o disfrutarse solo.\",\"breadcrumb\":{\"@id\":\"https:\/\/cazadores-com-gl-en.wpe-stg.bacardi.digital\/mx\/es\/our-tequila\/tequila-reposado\/#breadcrumb\"},\"inLanguage\":\"en-US\",\"potentialAction\":[{\"@type\":\"ReadAction\",\"target\":[\"https:\/\/cazadores-com-gl-en.wpe-stg.bacardi.digital\/mx\/es\/our-tequila\/tequila-reposado\/\"]}]},{\"@type\":\"BreadcrumbList\",\"@id\":\"https:\/\/cazadores-com-gl-en.wpe-stg.bacardi.digital\/mx\/es\/our-tequila\/tequila-reposado\/#breadcrumb\",\"itemListElement\":[{\"@type\":\"ListItem\",\"position\":1,\"name\":\"Home\",\"item\":\"https:\/\/cazadores-com-gl-en.wpe-stg.bacardi.digital\/mx\/es\/\"},{\"@type\":\"ListItem\",\"position\":2,\"name\":\"Nuestro Tequila\",\"item\":\"https:\/\/cazadores-com-gl-en.wpe-stg.bacardi.digital\/mx\/es\/our-tequila\/\"},{\"@type\":\"ListItem\",\"position\":3,\"name\":\"Tequila Reposado\"}]},{\"@type\":\"WebSite\",\"@id\":\"https:\/\/cazadores-com-gl-en.wpe-stg.bacardi.digital\/mx\/es\/#website\",\"url\":\"https:\/\/cazadores-com-gl-en.wpe-stg.bacardi.digital\/mx\/es\/\",\"name\":\"Cazadores\u00ae\",\"description\":\"Cazadores\u00ae\",\"potentialAction\":[{\"@type\":\"SearchAction\",\"target\":{\"@type\":\"EntryPoint\",\"urlTemplate\":\"https:\/\/cazadores-com-gl-en.wpe-stg.bacardi.digital\/mx\/es\/?s={search_term_string}\"},\"query-input\":{\"@type\":\"PropertyValueSpecification\",\"valueRequired\":true,\"valueName\":\"search_term_string\"}}],\"inLanguage\":\"en-US\"}]}<\/script>\n<!-- \/ Yoast SEO plugin. -->","yoast_head_json":{"title":"Cazadores Tequila Reposado | Tequila Reposado | Tequila A\u00f1ejo | Cazadores\u00ae","description":"Nuestro Tequila Reposado pasa hasta un a\u00f1o en barricas nuevas de roble americano, creando un equilibrio perfecto entre los sabores del agave y la madera. Las notas a frutas c\u00edtricas y tropicales, as\u00ed como a vainilla y a su suave final caracter\u00edstico, hacen del tequila CAZADORES \u00ae Reposado una excelente opci\u00f3n para mezclarse en c\u00f3cteles o disfrutarse solo.","robots":{"index":"index","follow":"follow","max-snippet":"max-snippet:-1","max-image-preview":"max-image-preview:large","max-video-preview":"max-video-preview:-1"},"canonical":"https:\/\/cazadores-com-gl-en.wpe-stg.bacardi.digital\/mx\/es\/our-tequila\/tequila-reposado\/","og_locale":"en_US","og_type":"article","og_title":"Cazadores Tequila Reposado | Tequila Reposado | Tequila A\u00f1ejo | Cazadores\u00ae","og_description":"Nuestro Tequila Reposado pasa hasta un a\u00f1o en barricas nuevas de roble americano, creando un equilibrio perfecto entre los sabores del agave y la madera. Las notas a frutas c\u00edtricas y tropicales, as\u00ed como a vainilla y a su suave final caracter\u00edstico, hacen del tequila CAZADORES \u00ae Reposado una excelente opci\u00f3n para mezclarse en c\u00f3cteles o disfrutarse solo.","og_url":"https:\/\/cazadores-com-gl-en.wpe-stg.bacardi.digital\/mx\/es\/our-tequila\/tequila-reposado\/","og_site_name":"Cazadores\u00ae","article_modified_time":"2020-05-20T12:36:02+00:00","twitter_card":"summary_large_image","schema":{"@context":"https:\/\/schema.org","@graph":[{"@type":"WebPage","@id":"https:\/\/cazadores-com-gl-en.wpe-stg.bacardi.digital\/mx\/es\/our-tequila\/tequila-reposado\/","url":"https:\/\/cazadores-com-gl-en.wpe-stg.bacardi.digital\/mx\/es\/our-tequila\/tequila-reposado\/","name":"Cazadores Tequila Reposado | Tequila Reposado | Tequila A\u00f1ejo | Cazadores\u00ae","isPartOf":{"@id":"https:\/\/cazadores-com-gl-en.wpe-stg.bacardi.digital\/mx\/es\/#website"},"datePublished":"2017-08-03T10:41:16+00:00","dateModified":"2020-05-20T12:36:02+00:00","description":"Nuestro Tequila Reposado pasa hasta un a\u00f1o en barricas nuevas de roble americano, creando un equilibrio perfecto entre los sabores del agave y la madera. Las notas a frutas c\u00edtricas y tropicales, as\u00ed como a vainilla y a su suave final caracter\u00edstico, hacen del tequila CAZADORES \u00ae Reposado una excelente opci\u00f3n para mezclarse en c\u00f3cteles o disfrutarse solo.","breadcrumb":{"@id":"https:\/\/cazadores-com-gl-en.wpe-stg.bacardi.digital\/mx\/es\/our-tequila\/tequila-reposado\/#breadcrumb"},"inLanguage":"en-US","potentialAction":[{"@type":"ReadAction","target":["https:\/\/cazadores-com-gl-en.wpe-stg.bacardi.digital\/mx\/es\/our-tequila\/tequila-reposado\/"]}]},{"@type":"BreadcrumbList","@id":"https:\/\/cazadores-com-gl-en.wpe-stg.bacardi.digital\/mx\/es\/our-tequila\/tequila-reposado\/#breadcrumb","itemListElement":[{"@type":"ListItem","position":1,"name":"Home","item":"https:\/\/cazadores-com-gl-en.wpe-stg.bacardi.digital\/mx\/es\/"},{"@type":"ListItem","position":2,"name":"Nuestro Tequila","item":"https:\/\/cazadores-com-gl-en.wpe-stg.bacardi.digital\/mx\/es\/our-tequila\/"},{"@type":"ListItem","position":3,"name":"Tequila Reposado"}]},{"@type":"WebSite","@id":"https:\/\/cazadores-com-gl-en.wpe-stg.bacardi.digital\/mx\/es\/#website","url":"https:\/\/cazadores-com-gl-en.wpe-stg.bacardi.digital\/mx\/es\/","name":"Cazadores\u00ae","description":"Cazadores\u00ae","potentialAction":[{"@type":"SearchAction","target":{"@type":"EntryPoint","urlTemplate":"https:\/\/cazadores-com-gl-en.wpe-stg.bacardi.digital\/mx\/es\/?s={search_term_string}"},"query-input":{"@type":"PropertyValueSpecification","valueRequired":true,"valueName":"search_term_string"}}],"inLanguage":"en-US"}]}},"_links":{"self":[{"href":"https:\/\/cazadores-com-gl-en.wpe-stg.bacardi.digital\/mx\/es\/wp-json\/wp\/v2\/pages\/107","targetHints":{"allow":["GET"]}}],"collection":[{"href":"https:\/\/cazadores-com-gl-en.wpe-stg.bacardi.digital\/mx\/es\/wp-json\/wp\/v2\/pages"}],"about":[{"href":"https:\/\/cazadores-com-gl-en.wpe-stg.bacardi.digital\/mx\/es\/wp-json\/wp\/v2\/types\/page"}],"author":[{"embeddable":true,"href":"https:\/\/cazadores-com-gl-en.wpe-stg.bacardi.digital\/mx\/es\/wp-json\/wp\/v2\/users\/35"}],"replies":[{"embeddable":true,"href":"https:\/\/cazadores-com-gl-en.wpe-stg.bacardi.digital\/mx\/es\/wp-json\/wp\/v2\/comments?post=107"}],"version-history":[{"count":0,"href":"https:\/\/cazadores-com-gl-en.wpe-stg.bacardi.digital\/mx\/es\/wp-json\/wp\/v2\/pages\/107\/revisions"}],"up":[{"embeddable":true,"href":"https:\/\/cazadores-com-gl-en.wpe-stg.bacardi.digital\/mx\/es\/wp-json\/wp\/v2\/pages\/17"}],"wp:attachment":[{"href":"https:\/\/cazadores-com-gl-en.wpe-stg.bacardi.digital\/mx\/es\/wp-json\/wp\/v2\/media?parent=107"}],"curies":[{"name":"wp","href":"https:\/\/api.w.org\/{rel}","templated":true}]}}