{"id":6,"date":"2017-05-09T16:23:53","date_gmt":"2017-05-09T16:23:53","guid":{"rendered":"https:\/\/cazadores-com-gl-en.wpe-stg.bacardi.digital\/mx\/es\/?page_id=6"},"modified":"2020-05-20T12:23:46","modified_gmt":"2020-05-20T12:23:46","slug":"home","status":"publish","type":"page","link":"https:\/\/cazadores-com-gl-en.wpe-stg.bacardi.digital\/mx\/es\/","title":{"rendered":"P\u00e1gina principal"},"content":{"rendered":"","protected":false},"excerpt":{"rendered":"","protected":false},"author":35,"featured_media":0,"parent":0,"menu_order":0,"comment_status":"closed","ping_status":"closed","template":"","meta":{"_acf_changed":false,"footnotes":""},"class_list":["post-6","page","type-page","status-publish","hentry"],"acf":[],"yoast_head":"<!-- This site is optimized with the Yoast SEO plugin v26.0 - https:\/\/yoast.com\/wordpress\/plugins\/seo\/ -->\n<title>Cazadores Tequila | 100 % agave azul de las tierras altas en Los Altos de Jalisco<\/title>\n<meta name=\"description\" content=\"El tequila Cazadores \u00ae est\u00e1 hecho 100 % de agave azul y se produce bajo un proceso de siete pasos totalmente sostenible y con cero desperdicio. Este incluye una doble destilaci\u00f3n, doble fermentaci\u00f3n y un cuidadoso proceso de maduraci\u00f3n.\" \/>\n<meta name=\"robots\" content=\"index, follow, max-snippet:-1, max-image-preview:large, max-video-preview:-1\" \/>\n<link rel=\"canonical\" href=\"https:\/\/cazadores-com-gl-en.wpe-stg.bacardi.digital\/mx\/es\/\" \/>\n<meta property=\"og:locale\" content=\"en_US\" \/>\n<meta property=\"og:type\" content=\"article\" \/>\n<meta property=\"og:title\" content=\"Cazadores Tequila | 100 % agave azul de las tierras altas en Los Altos de Jalisco\" \/>\n<meta property=\"og:description\" content=\"El tequila Cazadores \u00ae est\u00e1 hecho 100 % de agave azul y se produce bajo un proceso de siete pasos totalmente sostenible y con cero desperdicio. Este incluye una doble destilaci\u00f3n, doble fermentaci\u00f3n y un cuidadoso proceso de maduraci\u00f3n.\" \/>\n<meta property=\"og:url\" content=\"https:\/\/cazadores-com-gl-en.wpe-stg.bacardi.digital\/mx\/es\/\" \/>\n<meta property=\"og:site_name\" content=\"Cazadores\u00ae\" \/>\n<meta property=\"article:modified_time\" content=\"2020-05-20T12:23:46+00:00\" \/>\n<meta name=\"twitter:card\" content=\"summary_large_image\" \/>\n<script type=\"application\/ld+json\" class=\"yoast-schema-graph\">{\"@context\":\"https:\/\/schema.org\",\"@graph\":[{\"@type\":\"WebPage\",\"@id\":\"https:\/\/cazadores-com-gl-en.wpe-stg.bacardi.digital\/mx\/es\/\",\"url\":\"https:\/\/cazadores-com-gl-en.wpe-stg.bacardi.digital\/mx\/es\/\",\"name\":\"Cazadores Tequila | 100 % agave azul de las tierras altas en Los Altos de Jalisco\",\"isPartOf\":{\"@id\":\"https:\/\/cazadores-com-gl-en.wpe-stg.bacardi.digital\/mx\/es\/#website\"},\"datePublished\":\"2017-05-09T16:23:53+00:00\",\"dateModified\":\"2020-05-20T12:23:46+00:00\",\"description\":\"El tequila Cazadores \u00ae est\u00e1 hecho 100 % de agave azul y se produce bajo un proceso de siete pasos totalmente sostenible y con cero desperdicio. Este incluye una doble destilaci\u00f3n, doble fermentaci\u00f3n y un cuidadoso proceso de maduraci\u00f3n.\",\"breadcrumb\":{\"@id\":\"https:\/\/cazadores-com-gl-en.wpe-stg.bacardi.digital\/mx\/es\/#breadcrumb\"},\"inLanguage\":\"en-US\",\"potentialAction\":[{\"@type\":\"ReadAction\",\"target\":[\"https:\/\/cazadores-com-gl-en.wpe-stg.bacardi.digital\/mx\/es\/\"]}]},{\"@type\":\"BreadcrumbList\",\"@id\":\"https:\/\/cazadores-com-gl-en.wpe-stg.bacardi.digital\/mx\/es\/#breadcrumb\",\"itemListElement\":[{\"@type\":\"ListItem\",\"position\":1,\"name\":\"Home\",\"item\":\"https:\/\/cazadores-com-gl-en.wpe-stg.bacardi.digital\/mx\/es\/\"},{\"@type\":\"ListItem\",\"position\":2,\"name\":\"P\u00e1gina principal\"}]},{\"@type\":\"WebSite\",\"@id\":\"https:\/\/cazadores-com-gl-en.wpe-stg.bacardi.digital\/mx\/es\/#website\",\"url\":\"https:\/\/cazadores-com-gl-en.wpe-stg.bacardi.digital\/mx\/es\/\",\"name\":\"Cazadores\u00ae\",\"description\":\"Cazadores\u00ae\",\"potentialAction\":[{\"@type\":\"SearchAction\",\"target\":{\"@type\":\"EntryPoint\",\"urlTemplate\":\"https:\/\/cazadores-com-gl-en.wpe-stg.bacardi.digital\/mx\/es\/?s={search_term_string}\"},\"query-input\":{\"@type\":\"PropertyValueSpecification\",\"valueRequired\":true,\"valueName\":\"search_term_string\"}}],\"inLanguage\":\"en-US\"}]}<\/script>\n<!-- \/ Yoast SEO plugin. -->","yoast_head_json":{"title":"Cazadores Tequila | 100 % agave azul de las tierras altas en Los Altos de Jalisco","description":"El tequila Cazadores \u00ae est\u00e1 hecho 100 % de agave azul y se produce bajo un proceso de siete pasos totalmente sostenible y con cero desperdicio. Este incluye una doble destilaci\u00f3n, doble fermentaci\u00f3n y un cuidadoso proceso de maduraci\u00f3n.","robots":{"index":"index","follow":"follow","max-snippet":"max-snippet:-1","max-image-preview":"max-image-preview:large","max-video-preview":"max-video-preview:-1"},"canonical":"https:\/\/cazadores-com-gl-en.wpe-stg.bacardi.digital\/mx\/es\/","og_locale":"en_US","og_type":"article","og_title":"Cazadores Tequila | 100 % agave azul de las tierras altas en Los Altos de Jalisco","og_description":"El tequila Cazadores \u00ae est\u00e1 hecho 100 % de agave azul y se produce bajo un proceso de siete pasos totalmente sostenible y con cero desperdicio. Este incluye una doble destilaci\u00f3n, doble fermentaci\u00f3n y un cuidadoso proceso de maduraci\u00f3n.","og_url":"https:\/\/cazadores-com-gl-en.wpe-stg.bacardi.digital\/mx\/es\/","og_site_name":"Cazadores\u00ae","article_modified_time":"2020-05-20T12:23:46+00:00","twitter_card":"summary_large_image","schema":{"@context":"https:\/\/schema.org","@graph":[{"@type":"WebPage","@id":"https:\/\/cazadores-com-gl-en.wpe-stg.bacardi.digital\/mx\/es\/","url":"https:\/\/cazadores-com-gl-en.wpe-stg.bacardi.digital\/mx\/es\/","name":"Cazadores Tequila | 100 % agave azul de las tierras altas en Los Altos de Jalisco","isPartOf":{"@id":"https:\/\/cazadores-com-gl-en.wpe-stg.bacardi.digital\/mx\/es\/#website"},"datePublished":"2017-05-09T16:23:53+00:00","dateModified":"2020-05-20T12:23:46+00:00","description":"El tequila Cazadores \u00ae est\u00e1 hecho 100 % de agave azul y se produce bajo un proceso de siete pasos totalmente sostenible y con cero desperdicio. Este incluye una doble destilaci\u00f3n, doble fermentaci\u00f3n y un cuidadoso proceso de maduraci\u00f3n.","breadcrumb":{"@id":"https:\/\/cazadores-com-gl-en.wpe-stg.bacardi.digital\/mx\/es\/#breadcrumb"},"inLanguage":"en-US","potentialAction":[{"@type":"ReadAction","target":["https:\/\/cazadores-com-gl-en.wpe-stg.bacardi.digital\/mx\/es\/"]}]},{"@type":"BreadcrumbList","@id":"https:\/\/cazadores-com-gl-en.wpe-stg.bacardi.digital\/mx\/es\/#breadcrumb","itemListElement":[{"@type":"ListItem","position":1,"name":"Home","item":"https:\/\/cazadores-com-gl-en.wpe-stg.bacardi.digital\/mx\/es\/"},{"@type":"ListItem","position":2,"name":"P\u00e1gina principal"}]},{"@type":"WebSite","@id":"https:\/\/cazadores-com-gl-en.wpe-stg.bacardi.digital\/mx\/es\/#website","url":"https:\/\/cazadores-com-gl-en.wpe-stg.bacardi.digital\/mx\/es\/","name":"Cazadores\u00ae","description":"Cazadores\u00ae","potentialAction":[{"@type":"SearchAction","target":{"@type":"EntryPoint","urlTemplate":"https:\/\/cazadores-com-gl-en.wpe-stg.bacardi.digital\/mx\/es\/?s={search_term_string}"},"query-input":{"@type":"PropertyValueSpecification","valueRequired":true,"valueName":"search_term_string"}}],"inLanguage":"en-US"}]}},"_links":{"self":[{"href":"https:\/\/cazadores-com-gl-en.wpe-stg.bacardi.digital\/mx\/es\/wp-json\/wp\/v2\/pages\/6","targetHints":{"allow":["GET"]}}],"collection":[{"href":"https:\/\/cazadores-com-gl-en.wpe-stg.bacardi.digital\/mx\/es\/wp-json\/wp\/v2\/pages"}],"about":[{"href":"https:\/\/cazadores-com-gl-en.wpe-stg.bacardi.digital\/mx\/es\/wp-json\/wp\/v2\/types\/page"}],"author":[{"embeddable":true,"href":"https:\/\/cazadores-com-gl-en.wpe-stg.bacardi.digital\/mx\/es\/wp-json\/wp\/v2\/users\/35"}],"replies":[{"embeddable":true,"href":"https:\/\/cazadores-com-gl-en.wpe-stg.bacardi.digital\/mx\/es\/wp-json\/wp\/v2\/comments?post=6"}],"version-history":[{"count":0,"href":"https:\/\/cazadores-com-gl-en.wpe-stg.bacardi.digital\/mx\/es\/wp-json\/wp\/v2\/pages\/6\/revisions"}],"wp:attachment":[{"href":"https:\/\/cazadores-com-gl-en.wpe-stg.bacardi.digital\/mx\/es\/wp-json\/wp\/v2\/media?parent=6"}],"curies":[{"name":"wp","href":"https:\/\/api.w.org\/{rel}","templated":true}]}}